{"id":202,"date":"2013-02-27T09:04:06","date_gmt":"2013-02-27T09:04:06","guid":{"rendered":"http:\/\/localhost\/wordpress\/medicenter\/?page_id=202"},"modified":"2024-01-21T19:29:20","modified_gmt":"2024-01-21T19:29:20","slug":"home-style-3","status":"publish","type":"page","link":"https:\/\/doctormg.com.ar\/","title":{"rendered":"Home Style 3"},"content":{"rendered":"<div class=\"wpb-content-wrapper\"><p>[vc_row][vc_column][vc_wp_custommenu][\/vc_column][\/vc_row][vc_row top_margin=&#8221;page-margin-top-section&#8221; el_position=&#8221;first&#8221;][vc_column width=&#8221;1\/3&#8243;]<ul class=\"clearfix mc-features mc-features-small mc-features-style-default\"><li class=\"item-content clearfix\">\r\n\t\t\t\t<span class=\"hexagon small animated-element animation-scale\"  title=\"Cirug\u00eda Rob\u00f3tica\"><span class=\"features-doctor\"><\/span><\/span><div class=\"text\"><h3><span   title=\"Cirug\u00eda Rob\u00f3tica\">Cirug\u00eda Rob\u00f3tica<\/span><\/h3><p>La cirug\u00eda rob\u00f3tica supera las limitaciones de la cirug\u00eda laparosc\u00f3pica y ofrece mejores resultados. La cirug\u00eda rob\u00f3tica ofrece ventajas t\u00e9cnicas para cirug\u00edas complejas y precisas, a trav\u00e9s de una visi\u00f3n tridimensional estereosc\u00f3pica, un mayor rango de movilidad con instrumentos articulados con 7 grados de libertad, elimina el temblor y aporta una mayor precisi\u00f3n quir\u00fargica. Las plataformas rob\u00f3ticas son adecuadas para cirug\u00edas p\u00e9lvicas complejas.<\/p>\n<\/div>\r\n\t\t\t<\/li><li class=\"item-content clearfix\">\r\n\t\t\t\t<span class=\"hexagon small animated-element animation-scale\"  title=\"HEMORROIDES sin DOLOR\"><span class=\"features-medical-results\"><\/span><\/span><div class=\"text\"><h3><span   title=\"HEMORROIDES sin DOLOR\">HEMORROIDES sin DOLOR<\/span><\/h3><p>La mayor\u00eda de los s\u00edntomas producidos por las hemorroides pueden ser resueltos con tratameintos no resectivos como las ligaduras, macroligaduras y LASER, minimizando las molestias en el postprocedimiento. <\/p>\n<\/div>\r\n\t\t\t<\/li><\/ul>[\/vc_column][vc_column width=&#8221;1\/3&#8243;]<ul class=\"clearfix mc-features mc-features-small mc-features-style-default\"><li class=\"item-content clearfix\">\r\n\t\t\t\t<a class=\"hexagon small animated-element animation-scale\" href=\"https:\/\/doctormg.com.ar\/index.php\/features\/generics-strategies\/\" title=\"Cirugia Trans anal Mini Invasiva TAMIS TEO\"><span class=\"features-medical-scissors\"><\/span><\/a><div class=\"text\"><h3><a href=\"https:\/\/doctormg.com.ar\/index.php\/features\/generics-strategies\/\"  title=\"Cirugia Trans anal Mini Invasiva TAMIS TEO\">Cirugia Trans anal Mini Invasiva TAMIS TEO<\/a><\/h3><p>TAMIS permite el tratamiento efectivo de las lesioens grandes o gigantes de recto de manera mini-invasiva reemplazando la cirugia abdominal mayor. <\/p>\n<\/div>\r\n\t\t\t<\/li><li class=\"item-content clearfix\">\r\n\t\t\t\t<a class=\"hexagon small animated-element animation-scale\" href=\"https:\/\/doctormg.com.ar\/index.php\/features\/springtime-allergies\/\" title=\"Tratamiento LASER del HPV\"><span class=\"features-leaf\"><\/span><\/a><div class=\"text\"><h3><a href=\"https:\/\/doctormg.com.ar\/index.php\/features\/springtime-allergies\/\"  title=\"Tratamiento LASER del HPV\">Tratamiento LASER del HPV<\/a><\/h3><p>La ablasi\u00f3n LASER de lesiones producidas por el HPV resulta en una recuperaci\u00f3n m\u00e1s r\u00e1pida y con menor dolor postoperatorio que los tratamientos convencionales. <\/p>\n<\/div>\r\n\t\t\t<\/li><\/ul>[\/vc_column][vc_column width=&#8221;1\/3&#8243;]<ul class=\"clearfix mc-features mc-features-small mc-features-style-default\"><li class=\"item-content clearfix\">\r\n\t\t\t\t<a class=\"hexagon small animated-element animation-scale\" href=\"https:\/\/doctormg.com.ar\/index.php\/features\/new-diabetes-drug\/\" title=\"Hemorroides\"><span class=\"features-pill\"><\/span><\/a><div class=\"text\"><h3><a href=\"https:\/\/doctormg.com.ar\/index.php\/features\/new-diabetes-drug\/\"  title=\"Hemorroides\">Hemorroides<\/a><\/h3><p>La mayor\u00eda de los procedimientos para el tratamiento de las hemorroides se realiza con anestesia y de forma ambulatoria, es decir, sin internaci\u00f3n.<\/p>\n<\/div>\r\n\t\t\t<\/li><li class=\"item-content clearfix\">\r\n\t\t\t\t<a class=\"hexagon small animated-element animation-scale\" href=\"https:\/\/doctormg.com.ar\/index.php\/features\/microwave-cooking\/\" title=\"HPV y Anoscop\u00eda de Alta Resoluci\u00f3n\"><span class=\"features-first-aid\"><\/span><\/a><div class=\"text\"><h3><a href=\"https:\/\/doctormg.com.ar\/index.php\/features\/microwave-cooking\/\"  title=\"HPV y Anoscop\u00eda de Alta Resoluci\u00f3n\">HPV y Anoscop\u00eda de Alta Resoluci\u00f3n<\/a><\/h3><p>La anoscop\u00eda de alta resoluci\u00f3n es el estudio m\u00e1s sensible para detectar lesiones producidas por HPV a nivel anal, guiar su tratamiento y prevenir el c\u00e1ncer de ano relacionado al HPV.<\/p>\n<\/div>\r\n\t\t\t<\/li><\/ul>[\/vc_column][\/vc_row][vc_row top_margin=&#8221;page-margin-top&#8221;][vc_column]<div class=\"announcement clearfix vertical-align-table\">\n\t\t\t\t\t<ul class=\"vertical-align\">\n\t\t\t\t\t\t<li class=\"vertical-align-cell\"><h2>Cons\u00faltenos: Turnos tel.: +54 11 2051 5824 Wapp: + 54 11 5263 3870<\/h2><p>Cobertura por sistemas prepagos o en forma particular<\/p>\n<\/li><li class=\"vertical-align-cell\">\n\t\t\t\t\t\t<a title=\"Haga su consulta\" href=\"http:\/\/doctormg.com.ar\/index.php\/contact\/\" class=\"more mc-button dark-color medium animated-element animation-slideLeft\">Haga su consulta<\/a>\n\t\t\t\t\t<\/li><\/ul>\n\t\t\t<\/div>[\/vc_column][\/vc_row][vc_row top_margin=&#8221;page-margin-top&#8221; el_position=&#8221;last&#8221;][vc_column width=&#8221;2\/3&#8243;]<h3 class=\"box-header animation-slide\">Actividades Recientes<\/h3><ul class=\"blog clearfix\"><li class=\" post post-4280 type-post status-publish format-standard hentry category-uncategorized\"><ul class=\"comment-box clearfix\"><li class=\"date clearfix animated-element animation-slideRight\">\n\t\t\t\t\t\t\t\t<div class=\"value\">08\/06\/2024<\/div>\n\t\t\t\t\t\t\t\t<div class=\"arrow-date\"><\/div>\n\t\t\t\t\t\t\t<\/li><li class=\"comments-number animated-element animation-slideUp duration-300 delay-500\">\t\t\t<a href=\"https:\/\/doctormg.com.ar\/index.php\/2024\/06\/08\/ateneo-central-de-cirugia\/#respond\" title=\"0 COMMENTS\">0 COMMENTS<\/a>\n\t\t\t\t\t\t\t<\/li><\/ul><div class=\"post-content\"><h2 class=\"post-title\"><a href=\"https:\/\/doctormg.com.ar\/index.php\/2024\/06\/08\/ateneo-central-de-cirugia\/\" title=\"Ateneo Central de Cirug\u00eda\">Ateneo Central de Cirug\u00eda<\/a><\/h2><p>Nos enorgullece anunciar la destacada presentaci\u00f3n de la Dra. Mart\u00ednez en el Ateneo de Cirug\u00eda General del Hospital de Cl\u00ednicas bajo la direcci\u00f3n del Prof. Dr. Sarotto. La Dra. Mart\u00ednez expuso un caso complejo de adenocarcinoma de yeyuno, demostrando la&#8230;<\/p>\n<a title=\"Read more\" href=\"https:\/\/doctormg.com.ar\/index.php\/2024\/06\/08\/ateneo-central-de-cirugia\/\" class=\"more template-arrow-horizontal-1-after\">Read more<\/a>\t\t<div class=\"post-footer clearfix\">\n\t\t\t\t\t\t\t\t<ul class=\"post-footer-details\"><li class=\"post-footer-author\">\n\t\t\t\t\t\t\t\t\t\t<a class=\"author\" href=\"http:\/\/www.doctormg.com.ar\" title=\"Dr. Moreira Grecco\">Dr. Moreira Grecco<\/a>\n\t\t\t\t\t\t\t\t\t<\/li><li class=\"post-footer-category\">\n\t\t\t\t\t\t\t\t\t\t\t<a href=\"https:\/\/doctormg.com.ar\/index.php\/category\/uncategorized\/\" title=\"View all posts filed under Uncategorized\">Uncategorized<\/a>\n\t\t\t\t\t\t\t\t\t\t<\/li><\/ul><\/div><\/div><\/li><li class=\" post post-4277 type-post status-publish format-standard hentry category-uncategorized\"><ul class=\"comment-box clearfix\"><li class=\"date clearfix animated-element animation-slideRight\">\n\t\t\t\t\t\t\t\t<div class=\"value\">08\/06\/2024<\/div>\n\t\t\t\t\t\t\t\t<div class=\"arrow-date\"><\/div>\n\t\t\t\t\t\t\t<\/li><li class=\"comments-number animated-element animation-slideUp duration-300 delay-500\">\t\t\t<a href=\"https:\/\/doctormg.com.ar\/index.php\/2024\/06\/08\/masterclass-coloproctologia-2024\/#respond\" title=\"0 COMMENTS\">0 COMMENTS<\/a>\n\t\t\t\t\t\t\t<\/li><\/ul><div class=\"post-content\"><h2 class=\"post-title\"><a href=\"https:\/\/doctormg.com.ar\/index.php\/2024\/06\/08\/masterclass-coloproctologia-2024\/\" title=\"Masterclass Coloproctolog\u00eda 2024\">Masterclass Coloproctolog\u00eda 2024<\/a><\/h2><p>Es un privilegio formar parte del Gastro Premium\/Masterclass en Coloproctolog\u00eda 2024, un evento internacional en Ecuador. Presentamos el uso de la citolog\u00eda anal y la anoscopia de alta resoluci\u00f3n para la prevenci\u00f3n del c\u00e1ncer de ano relacionado con el HPV&#8230;.<\/p>\n<a title=\"Read more\" href=\"https:\/\/doctormg.com.ar\/index.php\/2024\/06\/08\/masterclass-coloproctologia-2024\/\" class=\"more template-arrow-horizontal-1-after\">Read more<\/a>\t\t<div class=\"post-footer clearfix\">\n\t\t\t\t\t\t\t\t<ul class=\"post-footer-details\"><li class=\"post-footer-author\">\n\t\t\t\t\t\t\t\t\t\t<a class=\"author\" href=\"http:\/\/www.doctormg.com.ar\" title=\"Dr. Moreira Grecco\">Dr. Moreira Grecco<\/a>\n\t\t\t\t\t\t\t\t\t<\/li><li class=\"post-footer-category\">\n\t\t\t\t\t\t\t\t\t\t\t<a href=\"https:\/\/doctormg.com.ar\/index.php\/category\/uncategorized\/\" title=\"View all posts filed under Uncategorized\">Uncategorized<\/a>\n\t\t\t\t\t\t\t\t\t\t<\/li><\/ul><\/div><\/div><\/li><\/ul><div class=\"show-all clearfix\"><a class=\"template-arrow-horizontal-1-after\" href=\"http:\/\/doctormg.com.ar\/index.php\/blog\/\" title=\"Actividades previas\">Actividades previas<\/a><\/div>[\/vc_column][vc_column width=&#8221;1\/3&#8243;][vc_widget_sidebar sidebar_id=&#8221;sidebar-home-right&#8221; el_position=&#8221;first last&#8221;][\/vc_column][\/vc_row]<\/p>\n<\/div>","protected":false},"excerpt":{"rendered":"<p>[vc_row][vc_column][vc_wp_custommenu][\/vc_column][\/vc_row][vc_row top_margin=&#8221;page-margin-top-section&#8221; el_position=&#8221;first&#8221;][vc_column width=&#8221;1\/3&#8243;][\/vc_column][vc_column width=&#8221;1\/3&#8243;][\/vc_column][vc_column width=&#8221;1\/3&#8243;][\/vc_column][\/vc_row][vc_row top_margin=&#8221;page-margin-top&#8221;][vc_column][\/vc_column][\/vc_row][vc_row top_margin=&#8221;page-margin-top&#8221; el_position=&#8221;last&#8221;][vc_column width=&#8221;2\/3&#8243;][\/vc_column][vc_column width=&#8221;1\/3&#8243;][vc_widget_sidebar sidebar_id=&#8221;sidebar-home-right&#8221; el_position=&#8221;first last&#8221;][\/vc_column][\/vc_row]<\/p>\n","protected":false},"author":1,"featured_media":0,"parent":0,"menu_order":0,"comment_status":"open","ping_status":"closed","template":"template-home.php","meta":{"footnotes":""},"class_list":["post-202","page","type-page","status-publish","hentry"],"jetpack_sharing_enabled":true,"_links":{"self":[{"href":"https:\/\/doctormg.com.ar\/index.php\/wp-json\/wp\/v2\/pages\/202","targetHints":{"allow":["GET"]}}],"collection":[{"href":"https:\/\/doctormg.com.ar\/index.php\/wp-json\/wp\/v2\/pages"}],"about":[{"href":"https:\/\/doctormg.com.ar\/index.php\/wp-json\/wp\/v2\/types\/page"}],"author":[{"embeddable":true,"href":"https:\/\/doctormg.com.ar\/index.php\/wp-json\/wp\/v2\/users\/1"}],"replies":[{"embeddable":true,"href":"https:\/\/doctormg.com.ar\/index.php\/wp-json\/wp\/v2\/comments?post=202"}],"version-history":[{"count":36,"href":"https:\/\/doctormg.com.ar\/index.php\/wp-json\/wp\/v2\/pages\/202\/revisions"}],"predecessor-version":[{"id":4247,"href":"https:\/\/doctormg.com.ar\/index.php\/wp-json\/wp\/v2\/pages\/202\/revisions\/4247"}],"wp:attachment":[{"href":"https:\/\/doctormg.com.ar\/index.php\/wp-json\/wp\/v2\/media?parent=202"}],"curies":[{"name":"wp","href":"https:\/\/api.w.org\/{rel}","templated":true}]}}