{"id":10,"date":"2018-07-30T19:06:10","date_gmt":"2018-07-30T19:06:10","guid":{"rendered":"http:\/\/doctormg.com.ar\/?page_id=10"},"modified":"2024-06-08T11:47:19","modified_gmt":"2024-06-08T11:47:19","slug":"10-2","status":"publish","type":"page","link":"http:\/\/doctormg.com.ar\/index.php\/10-2\/","title":{"rendered":"Recursos  ENTRENAMIENTO y BIBLIOGRAF\u00cdA para la prevenci\u00f3n del c\u00e1ncer escamoso de ano"},"content":{"rendered":"<div class=\"wpb-content-wrapper\"><p>[vc_row][vc_column][vc_column_text]&nbsp;<\/p>\n<p><a href=\"http:\/\/doctormg.com.ar\/wp-content\/uploads\/2024\/06\/curso-anoscopia.pdf\">Programa de entrenamiento en CITOLOG\u00cdA ANAL Y ANOSCOP\u00cdA DE ALTA RESOLUCI\u00d3N<\/a><\/p>\n<p><a href=\"https:\/\/journals.lww.com\/jlgtd\/fulltext\/2016\/10000\/2016_ians_international_guidelines_for_practice.2.aspx\">2016_ians_international_guidelines_for_practice.2.aspx<\/a><\/p>\n<p><a href=\"https:\/\/journals.lww.com\/jlgtd\/fulltext\/2019\/04000\/international_anal_neoplasia_society_guidelines.8.aspx\">international_anal_neoplasia_society_guidelines.8.aspx<\/a><\/p>\n<p><a href=\"https:\/\/onlinelibrary.wiley.com\/doi\/10.1002\/ijc.34850\">ijc.34850<\/a><\/p>\n<p>&nbsp;<\/p>\n<p><a href=\"http:\/\/doctormg.com.ar\/wp-content\/uploads\/2024\/06\/curso-anoscopia.pdf\"><img loading=\"lazy\" decoding=\"async\" class=\"wp-image-4260 alignleft\" src=\"http:\/\/doctormg.com.ar\/wp-content\/uploads\/2024\/06\/Captura-de-pantalla-2024-06-08-a-las-08.25.18-300x46.png\" alt=\"Programa de Entrenamiento en citolog\u00eda analy Anoscopia de Alta Resoluci\u00f3n (HRA)Alejandro Moreira Grecco, MD, PhD\" width=\"391\" height=\"60\" srcset=\"http:\/\/doctormg.com.ar\/wp-content\/uploads\/2024\/06\/Captura-de-pantalla-2024-06-08-a-las-08.25.18-300x46.png 300w, http:\/\/doctormg.com.ar\/wp-content\/uploads\/2024\/06\/Captura-de-pantalla-2024-06-08-a-las-08.25.18-1024x158.png 1024w, http:\/\/doctormg.com.ar\/wp-content\/uploads\/2024\/06\/Captura-de-pantalla-2024-06-08-a-las-08.25.18-768x119.png 768w, http:\/\/doctormg.com.ar\/wp-content\/uploads\/2024\/06\/Captura-de-pantalla-2024-06-08-a-las-08.25.18.png 1488w\" sizes=\"auto, (max-width: 391px) 100vw, 391px\" \/><\/a><a href=\"http:\/\/doctormg.com.ar\/wp-content\/uploads\/2024\/06\/curso-anoscopia.pdf\">curso-anoscopia<\/a><img loading=\"lazy\" decoding=\"async\" class=\"wp-image-4253 alignleft\" src=\"http:\/\/doctormg.com.ar\/wp-content\/uploads\/2024\/05\/consenso-screening-300x87.png\" alt=\"\" width=\"507\" height=\"147\" srcset=\"http:\/\/doctormg.com.ar\/wp-content\/uploads\/2024\/05\/consenso-screening-300x87.png 300w, http:\/\/doctormg.com.ar\/wp-content\/uploads\/2024\/05\/consenso-screening-1024x298.png 1024w, http:\/\/doctormg.com.ar\/wp-content\/uploads\/2024\/05\/consenso-screening-768x223.png 768w, http:\/\/doctormg.com.ar\/wp-content\/uploads\/2024\/05\/consenso-screening.png 1376w\" sizes=\"auto, (max-width: 507px) 100vw, 507px\" \/><img loading=\"lazy\" decoding=\"async\" class=\"wp-image-4254 alignleft\" src=\"http:\/\/doctormg.com.ar\/wp-content\/uploads\/2024\/05\/consenso-DARE-300x125.png\" alt=\"\" width=\"475\" height=\"198\" srcset=\"http:\/\/doctormg.com.ar\/wp-content\/uploads\/2024\/05\/consenso-DARE-300x125.png 300w, http:\/\/doctormg.com.ar\/wp-content\/uploads\/2024\/05\/consenso-DARE-1024x425.png 1024w, http:\/\/doctormg.com.ar\/wp-content\/uploads\/2024\/05\/consenso-DARE-768x319.png 768w, http:\/\/doctormg.com.ar\/wp-content\/uploads\/2024\/05\/consenso-DARE.png 1368w\" sizes=\"auto, (max-width: 475px) 100vw, 475px\" \/><img loading=\"lazy\" decoding=\"async\" class=\"alignleft wp-image-4255\" src=\"http:\/\/doctormg.com.ar\/wp-content\/uploads\/2024\/05\/consenso-anoscopia-300x140.png\" alt=\"\" width=\"450\" height=\"210\" srcset=\"http:\/\/doctormg.com.ar\/wp-content\/uploads\/2024\/05\/consenso-anoscopia-300x140.png 300w, http:\/\/doctormg.com.ar\/wp-content\/uploads\/2024\/05\/consenso-anoscopia-1024x479.png 1024w, http:\/\/doctormg.com.ar\/wp-content\/uploads\/2024\/05\/consenso-anoscopia-768x359.png 768w, http:\/\/doctormg.com.ar\/wp-content\/uploads\/2024\/05\/consenso-anoscopia.png 1394w\" sizes=\"auto, (max-width: 450px) 100vw, 450px\" \/><\/p>\n<p>&nbsp;[\/vc_column_text][\/vc_column][vc_column][\/vc_column][\/vc_row]<\/p>\n<\/div>","protected":false},"excerpt":{"rendered":"<p>[vc_row][vc_column][vc_column_text]&nbsp; Programa de entrenamiento en CITOLOG\u00cdA ANAL Y ANOSCOP\u00cdA DE ALTA RESOLUCI\u00d3N 2016_ians_international_guidelines_for_practice.2.aspx international_anal_neoplasia_society_guidelines.8.aspx ijc.34850 &nbsp; curso-anoscopia &nbsp;[\/vc_column_text][\/vc_column][vc_column][\/vc_column][\/vc_row]<\/p>\n","protected":false},"author":1,"featured_media":0,"parent":0,"menu_order":72,"comment_status":"closed","ping_status":"closed","template":"","meta":{"footnotes":""},"class_list":["post-10","page","type-page","status-publish","hentry"],"jetpack_sharing_enabled":true,"_links":{"self":[{"href":"http:\/\/doctormg.com.ar\/index.php\/wp-json\/wp\/v2\/pages\/10","targetHints":{"allow":["GET"]}}],"collection":[{"href":"http:\/\/doctormg.com.ar\/index.php\/wp-json\/wp\/v2\/pages"}],"about":[{"href":"http:\/\/doctormg.com.ar\/index.php\/wp-json\/wp\/v2\/types\/page"}],"author":[{"embeddable":true,"href":"http:\/\/doctormg.com.ar\/index.php\/wp-json\/wp\/v2\/users\/1"}],"replies":[{"embeddable":true,"href":"http:\/\/doctormg.com.ar\/index.php\/wp-json\/wp\/v2\/comments?post=10"}],"version-history":[{"count":8,"href":"http:\/\/doctormg.com.ar\/index.php\/wp-json\/wp\/v2\/pages\/10\/revisions"}],"predecessor-version":[{"id":4266,"href":"http:\/\/doctormg.com.ar\/index.php\/wp-json\/wp\/v2\/pages\/10\/revisions\/4266"}],"wp:attachment":[{"href":"http:\/\/doctormg.com.ar\/index.php\/wp-json\/wp\/v2\/media?parent=10"}],"curies":[{"name":"wp","href":"https:\/\/api.w.org\/{rel}","templated":true}]}}